{"id":8,"date":"2023-05-06T19:57:05","date_gmt":"2023-05-06T17:57:05","guid":{"rendered":"http:\/\/bisef.de\/bisef\/?page_id=8"},"modified":"2025-11-07T20:13:46","modified_gmt":"2025-11-07T19:13:46","slug":"kontakt","status":"publish","type":"page","link":"https:\/\/bisef.de\/bisef\/kontakt\/","title":{"rendered":"Kontaktdaten"},"content":{"rendered":"\t\t<div data-elementor-type=\"wp-page\" data-elementor-id=\"8\" class=\"elementor elementor-8\">\n\t\t\t\t\t\t<section class=\"elementor-section elementor-top-section elementor-element elementor-element-3c3e8583 elementor-section-boxed elementor-section-height-default elementor-section-height-default\" data-id=\"3c3e8583\" data-element_type=\"section\">\n\t\t\t\t\t\t<div class=\"elementor-container elementor-column-gap-default\">\n\t\t\t\t\t<div class=\"elementor-column elementor-col-100 elementor-top-column elementor-element elementor-element-732fea6d\" data-id=\"732fea6d\" data-element_type=\"column\">\n\t\t\t<div class=\"elementor-widget-wrap elementor-element-populated\">\n\t\t\t\t\t\t<div class=\"elementor-element elementor-element-3e145998 elementor-widget elementor-widget-text-editor\" data-id=\"3e145998\" data-element_type=\"widget\" data-widget_type=\"text-editor.default\">\n\t\t\t\t<div class=\"elementor-widget-container\">\n\t\t\t\t\t\t\t\t\t<p><\/p>\n<h1>Impressum<\/h1>\n<p>Verantwortlich: Dr. Michael Gerhardts, <a href=\"mailto:m.gerhardts@bisef.de\">m.gerhardts@bisef.de\u00a0<\/a>&#8211; Weitere Kontaktdaten und Anschrift siehe unten.<\/p>\n<p>Zust\u00e4ndige Stiftungsaufsicht: Bezirksregierung Detmold, Leopoldstr. 15, 32756 Detmold<\/p>\n<p>\u00a0<\/p>\n<h3 class=\"headline headline--3\">Haftungshinweis<\/h3>\n<p>Diese Website wird mit gr\u00f6\u00dftm\u00f6glicher Sorgfalt erstellt. Dennoch k\u00f6nnen wir keine Gew\u00e4hr f\u00fcr die Richtigkeit, Vollst\u00e4ndigkeit und Aktualit\u00e4t der Inhalte geben. Die Nutzung erfolgt auf eigene Gefahr des jeweiligen Nutzenden. Durch die Nutzung kommt kein Vertragsverh\u00e4ltnis zustande.\u00a0<\/p>\n<p>Diese Internetseiten enthalten Links auf externe Webseiten. Diese Links haben einen reinen Informationszweck und wurden zum Zeitpunkt der Verlinkung auf m\u00f6gliche Rechtsverst\u00f6\u00dfe hin \u00fcberpr\u00fcft. Rechtsverst\u00f6\u00dfe waren nicht ersichtlich. Auf die Entwicklung der Inhalte dieser verlinkten Webseiten haben wir jedoch keinen Einfluss. F\u00fcr den Inhalt der verlinkten Seiten sind daher ausschlie\u00dflich deren Betreiber verantwortlich.<\/p>\n<p>\u00a0<\/p>\n<p><\/p>\t\t\t\t\t\t\t\t<\/div>\n\t\t\t\t<\/div>\n\t\t\t\t\t<\/div>\n\t\t<\/div>\n\t\t\t\t\t<\/div>\n\t\t<\/section>\n\t\t\t\t<\/div>\n\t\t","protected":false},"excerpt":{"rendered":"<p>Impressum Verantwortlich: Dr. Michael Gerhardts, m.gerhardts@bisef.de &#8211; Weitere Kontaktdaten und Anschrift siehe unten. Zust\u00e4ndige Stiftungsaufsicht: Bezirksregierung Detmold, Leopoldstr. 15, 32756 Detmold \u00a0 Haftungshinweis Diese Website wird mit gr\u00f6\u00dftm\u00f6glicher Sorgfalt erstellt. Dennoch k\u00f6nnen wir keine Gew\u00e4hr f\u00fcr die Richtigkeit, Vollst\u00e4ndigkeit und Aktualit\u00e4t der Inhalte geben. Die Nutzung erfolgt auf eigene Gefahr des jeweiligen Nutzenden. Durch die &hellip; <\/p>\n<p class=\"link-more\"><a href=\"https:\/\/bisef.de\/bisef\/kontakt\/\" class=\"more-link\">Mehr <span class=\"screen-reader-text\">\u00fcber &#8222;Kontaktdaten&#8220; <\/span>Lesen<\/a><\/p>\n","protected":false},"author":1,"featured_media":0,"parent":0,"menu_order":0,"comment_status":"closed","ping_status":"closed","template":"","meta":{"footnotes":""},"class_list":["post-8","page","type-page","status-publish","hentry"],"featured_media_urls":[],"_links":{"self":[{"href":"https:\/\/bisef.de\/bisef\/wp-json\/wp\/v2\/pages\/8","targetHints":{"allow":["GET"]}}],"collection":[{"href":"https:\/\/bisef.de\/bisef\/wp-json\/wp\/v2\/pages"}],"about":[{"href":"https:\/\/bisef.de\/bisef\/wp-json\/wp\/v2\/types\/page"}],"author":[{"embeddable":true,"href":"https:\/\/bisef.de\/bisef\/wp-json\/wp\/v2\/users\/1"}],"replies":[{"embeddable":true,"href":"https:\/\/bisef.de\/bisef\/wp-json\/wp\/v2\/comments?post=8"}],"version-history":[{"count":15,"href":"https:\/\/bisef.de\/bisef\/wp-json\/wp\/v2\/pages\/8\/revisions"}],"predecessor-version":[{"id":324,"href":"https:\/\/bisef.de\/bisef\/wp-json\/wp\/v2\/pages\/8\/revisions\/324"}],"wp:attachment":[{"href":"https:\/\/bisef.de\/bisef\/wp-json\/wp\/v2\/media?parent=8"}],"curies":[{"name":"wp","href":"https:\/\/api.w.org\/{rel}","templated":true}]}}