{"id":36,"date":"2023-05-06T20:16:20","date_gmt":"2023-05-06T18:16:20","guid":{"rendered":"http:\/\/bisef.de\/bisef\/?page_id=36"},"modified":"2025-11-08T13:03:06","modified_gmt":"2025-11-08T12:03:06","slug":"bildungsstiftung","status":"publish","type":"page","link":"https:\/\/bisef.de\/bisef\/bildungsstiftung\/","title":{"rendered":"\u00dcber die Bildungsstiftung St. Ursula"},"content":{"rendered":"\t\t<div data-elementor-type=\"wp-page\" data-elementor-id=\"36\" class=\"elementor elementor-36\">\n\t\t\t\t\t\t<section class=\"elementor-section elementor-top-section elementor-element elementor-element-6766b52 elementor-section-boxed elementor-section-height-default elementor-section-height-default\" data-id=\"6766b52\" data-element_type=\"section\">\n\t\t\t\t\t\t<div class=\"elementor-container elementor-column-gap-default\">\n\t\t\t\t\t<div class=\"elementor-column elementor-col-100 elementor-top-column elementor-element elementor-element-4b57eed\" data-id=\"4b57eed\" data-element_type=\"column\">\n\t\t\t<div class=\"elementor-widget-wrap elementor-element-populated\">\n\t\t\t\t\t\t<div class=\"elementor-element elementor-element-d2210ea elementor-widget elementor-widget-text-editor\" data-id=\"d2210ea\" data-element_type=\"widget\" data-widget_type=\"text-editor.default\">\n\t\t\t\t<div class=\"elementor-widget-container\">\n\t\t\t\t\t\t\t\t\t<p>Die Bildungsstiftung St. Ursula f\u00fcr Schule, Erziehungs- und Fachwissenschaften (BISEF) dient den Stiftungswecken <strong>Bildung, Wissenschaft und Forschung<\/strong>. Sie ist Service- und Dienstleister f\u00fcr \u00f6ffentliche sowie insbesondere staatlich genehmigte Ersatzschulen, anerkannte Bildungsinstitutionen und kooperiert mit der staatlichen Schulaufsicht sowie erziehungs- und fachwissenschaftlichen Einrichtungen respektive Hochschulen.<\/p>\n<h1>Rechtsstellung, Zwecksetzung und Aufgaben<\/h1>\n<p>Diese Bildungsstiftung ist eine selbstst\u00e4ndige kirchliche Stiftung b\u00fcrgerlichen Rechts (<a href=\"https:\/\/www.im.nrw\/bildungsstiftung-st-ursula-fuer-schule-erziehungs-und-fachwissenschaften-bisef\">siehe Stiftungsregister<\/a>). Arbeits- und Rechtsgrundlagen basieren im Bildungsbereich auf der nordrhein-westf\u00e4lischen Schul- und Hochschulgesetzgebung in der jeweils g\u00fcltigen Fassung.&nbsp;<\/p>\n<p>Beweggr\u00fcnde f\u00fcr die Errichtung der Bildungsstiftung mit Sitz in Bielefeld liegen in der \u00dcbernahme der vom Convent der Ursulinen zu Breslau in Bielefeld (K\u00f6rperschaft \u00f6ffentlichen Rechts) \u00fcbertragenen Aufgaben zur nachhaltigen Sicherstellung des Fortbestandes der \u201eStiftung Marienschule der Ursulinen\u201c als Tr\u00e4ger der Marienschule Bielefeld. Zwischen der \u201eBildungsstiftung St. Ursula\u201c und der \u201eStiftung Marienschule der Ursulinen\u201c besteht ein fortw\u00e4hrender Informationsaustausch zwecks Unterst\u00fctzung auf Gegenseitigkeit. Hinzu kommt die Mitgestaltung des pastoralen Raumes im Kontext der \u00d6kumene.<\/p>\n<p>Dar\u00fcber hinaus bilden Zwecksetzung und Aufgaben f\u00fcr Schule, Erziehungs- und Fachwissenschaften einen wesentlichen Bestandteil dieser Stiftungsarbeit,&nbsp;die vorranging von staatlich genehmigten Ersatzschultr\u00e4gern mit ihrer spezifischen Bildungsarbeit im Rahmen der Freiheitsgarantie gem. Art. 7 Abs. 4 GG sowie Art. 8 Abs. 4 der Landesverfassung von NRW angestrebt werden k\u00f6nnen. Die Verordnung \u00fcber die Finanzierung der Ersatzschulen (FESchVO) komplettiert den rechtlichen Rahmen.<\/p>\n<h1>Organe der Bildungsstiftung: Erfahrung und Kompetenz<\/h1>\n<p>Organe der Bildungsstiftung sind der Vorstand und das Kuratorium.<\/p>\n<h2>Vorstand<\/h2>\n<p>Dr. Michael Gerhardts \u2013 Mehrfach-Laufbahnerf\u00fcller des Schul- und Hochschuldienstes \u2013 f\u00fchrt die Stiftung selbst\u00e4ndig in Verantwortung gegen\u00fcber dem Kuratorium. Er vertritt die Bildungsstiftung nach innen und au\u00dfen als Gesch\u00e4ftsf\u00fchrer, Lehrer und Hochschullehrer f\u00fcr Schul- und Wirtschaftsp\u00e4dagogik, insb. Qualit\u00e4tsentwicklung und Qualit\u00e4tssicherung in den Berufsfeldern Bildung, Wirtschaft und Verwaltung. N\u00e4heres hierzu: <a href=\"http:\/\/bisef.de\/bisef\/vorstand\/\">siehe Vita-Extrakt<\/a>.<\/p>\n<h2>Kuratorium<\/h2>\n<p>Das Kuratorium ist das Aufsichtsgremium. Es besteht aus mindestens f\u00fcnf und h\u00f6chstens sieben stimmberechtigten Personen, wovon ein Mitglied vom Erzbistum Paderborn bestellt wird. Die Amtszeit der Kuratoriumsmitglieder betr\u00e4gt f\u00fcnf Jahre. Wiederbestellung ist zul\u00e4ssig.<\/p><p>Vorsitz des Kuratoriums:<\/p><ul style=\"list-style-position: outside; list-style-type: disc;\"><li>Thomas Sch\u00e4fers, Amtschef i.K.<\/li><\/ul>\n<p>Mitglieder des Kuratoriums:<\/p>\n<ul>\n<li>Dr. Eva Barrenberg<\/li><li>Hildegard J\u00e4ger, LMR&#8217;in a.D.<\/li>\n<li>G\u00fcnter Kunert, OStD i.E. (beratend)<\/li>\n<li>Christian Majer-Leonhard, OStD i.K.<\/li>\n<li>Dr. Christoph Rosenthal<\/li>\n<\/ul>\t\t\t\t\t\t\t\t<\/div>\n\t\t\t\t<\/div>\n\t\t\t\t\t<\/div>\n\t\t<\/div>\n\t\t\t\t\t<\/div>\n\t\t<\/section>\n\t\t\t\t<section class=\"elementor-section elementor-top-section elementor-element elementor-element-43f3edd elementor-section-boxed elementor-section-height-default elementor-section-height-default\" data-id=\"43f3edd\" data-element_type=\"section\">\n\t\t\t\t\t\t<div class=\"elementor-container elementor-column-gap-default\">\n\t\t\t\t\t<div class=\"elementor-column elementor-col-100 elementor-top-column elementor-element elementor-element-65db16d\" data-id=\"65db16d\" data-element_type=\"column\">\n\t\t\t<div class=\"elementor-widget-wrap\">\n\t\t\t\t\t\t\t<\/div>\n\t\t<\/div>\n\t\t\t\t\t<\/div>\n\t\t<\/section>\n\t\t\t\t<\/div>\n\t\t","protected":false},"excerpt":{"rendered":"<p>Die Bildungsstiftung St. Ursula f\u00fcr Schule, Erziehungs- und Fachwissenschaften (BISEF) dient den Stiftungswecken Bildung, Wissenschaft und Forschung. Sie ist Service- und Dienstleister f\u00fcr \u00f6ffentliche sowie insbesondere staatlich genehmigte Ersatzschulen, anerkannte Bildungsinstitutionen und kooperiert mit der staatlichen Schulaufsicht sowie erziehungs- und fachwissenschaftlichen Einrichtungen respektive Hochschulen. Rechtsstellung, Zwecksetzung und Aufgaben Diese Bildungsstiftung ist eine selbstst\u00e4ndige kirchliche Stiftung &hellip; <\/p>\n<p class=\"link-more\"><a href=\"https:\/\/bisef.de\/bisef\/bildungsstiftung\/\" class=\"more-link\">Mehr <span class=\"screen-reader-text\">\u00fcber &#8222;\u00dcber die Bildungsstiftung St. Ursula&#8220; <\/span>Lesen<\/a><\/p>\n","protected":false},"author":1,"featured_media":0,"parent":0,"menu_order":0,"comment_status":"closed","ping_status":"closed","template":"","meta":{"footnotes":""},"class_list":["post-36","page","type-page","status-publish","hentry"],"featured_media_urls":[],"_links":{"self":[{"href":"https:\/\/bisef.de\/bisef\/wp-json\/wp\/v2\/pages\/36","targetHints":{"allow":["GET"]}}],"collection":[{"href":"https:\/\/bisef.de\/bisef\/wp-json\/wp\/v2\/pages"}],"about":[{"href":"https:\/\/bisef.de\/bisef\/wp-json\/wp\/v2\/types\/page"}],"author":[{"embeddable":true,"href":"https:\/\/bisef.de\/bisef\/wp-json\/wp\/v2\/users\/1"}],"replies":[{"embeddable":true,"href":"https:\/\/bisef.de\/bisef\/wp-json\/wp\/v2\/comments?post=36"}],"version-history":[{"count":69,"href":"https:\/\/bisef.de\/bisef\/wp-json\/wp\/v2\/pages\/36\/revisions"}],"predecessor-version":[{"id":332,"href":"https:\/\/bisef.de\/bisef\/wp-json\/wp\/v2\/pages\/36\/revisions\/332"}],"wp:attachment":[{"href":"https:\/\/bisef.de\/bisef\/wp-json\/wp\/v2\/media?parent=36"}],"curies":[{"name":"wp","href":"https:\/\/api.w.org\/{rel}","templated":true}]}}